{"id":6,"date":"2023-09-14T14:19:02","date_gmt":"2023-09-14T18:19:02","guid":{"rendered":"https:\/\/citq.qc.ca\/droits_enregistrement\/?page_id=6"},"modified":"2026-03-18T13:15:50","modified_gmt":"2026-03-18T17:15:50","slug":"droits-payables-aux-fins-denregistrement","status":"publish","type":"page","link":"https:\/\/citq.qc.ca\/droits_enregistrement\/droits-payables-aux-fins-denregistrement\/","title":{"rendered":"Droits payables aux fins d\u2019enregistrement"},"content":{"rendered":"<p><img loading=\"lazy\" decoding=\"async\" class=\"alignnone size-full wp-image-36\" src=\"https:\/\/citq.qc.ca\/formulaire\/wp-content\/uploads\/2017\/03\/citq.jpg\" alt=\"citq\" width=\"294\" height=\"90\" \/><\/p>\n<script type=\"text\/javascript\">var gform;gform||(document.addEventListener(\"gform_main_scripts_loaded\",function(){gform.scriptsLoaded=!0}),window.addEventListener(\"DOMContentLoaded\",function(){gform.domLoaded=!0}),gform={domLoaded:!1,scriptsLoaded:!1,initializeOnLoaded:function(o){gform.domLoaded&&gform.scriptsLoaded?o():!gform.domLoaded&&gform.scriptsLoaded?window.addEventListener(\"DOMContentLoaded\",o):document.addEventListener(\"gform_main_scripts_loaded\",o)},hooks:{action:{},filter:{}},addAction:function(o,n,r,t){gform.addHook(\"action\",o,n,r,t)},addFilter:function(o,n,r,t){gform.addHook(\"filter\",o,n,r,t)},doAction:function(o){gform.doHook(\"action\",o,arguments)},applyFilters:function(o){return gform.doHook(\"filter\",o,arguments)},removeAction:function(o,n){gform.removeHook(\"action\",o,n)},removeFilter:function(o,n,r){gform.removeHook(\"filter\",o,n,r)},addHook:function(o,n,r,t,i){null==gform.hooks[o][n]&&(gform.hooks[o][n]=[]);var e=gform.hooks[o][n];null==i&&(i=n+\"_\"+e.length),gform.hooks[o][n].push({tag:i,callable:r,priority:t=null==t?10:t})},doHook:function(n,o,r){var t;if(r=Array.prototype.slice.call(r,1),null!=gform.hooks[n][o]&&((o=gform.hooks[n][o]).sort(function(o,n){return o.priority-n.priority}),o.forEach(function(o){\"function\"!=typeof(t=o.callable)&&(t=window[t]),\"action\"==n?t.apply(null,r):r[0]=t.apply(null,r)})),\"filter\"==n)return r[0]},removeHook:function(o,n,t,i){var r;null!=gform.hooks[o][n]&&(r=(r=gform.hooks[o][n]).filter(function(o,n,r){return!!(null!=i&&i!=o.tag||null!=t&&t!=o.priority)}),gform.hooks[o][n]=r)}});<\/script>\n                <div class='gf_browser_gecko gform_wrapper gform_legacy_markup_wrapper gform-theme--no-framework' data-form-theme='legacy' data-form-index='0' id='gform_wrapper_1' >\n                        <div class='gform_heading'>\n                            <p class='gform_description'><\/p>\n                        <\/div><form method='post' enctype='multipart\/form-data'  id='gform_1'  action='\/droits_enregistrement\/wp-json\/wp\/v2\/pages\/6' data-formid='1' novalidate><div id=\"payments-sdk__contingency-lightbox\"><\/div>\n                        <div class='gform-body gform_body'><ul id='gform_fields_1' class='gform_fields top_label form_sublabel_below description_below validation_below'><li id=\"field_1_12\" class=\"gfield gfield--type-text gfield--input-type-text gf_right_third field_sublabel_below gfield--no-description field_description_below field_validation_below gfield_visibility_hidden\"  data-js-reload=\"field_1_12\" ><div class='admin-hidden-markup'><i class='gform-icon gform-icon--hidden'><\/i><span>Hidden<\/span><\/div><label class='gfield_label gform-field-label' for='input_1_12'>Form creation date<\/label><div class='ginput_container ginput_container_text'><input name='input_12' id='input_1_12' type='text' value='06 avril 2026 18h42' class='medium'      aria-invalid=\"false\"   \/> <\/div><\/li><li id=\"field_1_11\" class=\"gfield gfield--type-html gfield--input-type-html gfield_html gfield_html_formatted gfield_no_follows_desc field_sublabel_below gfield--no-description field_description_below field_validation_below gfield_visibility_visible\"  data-js-reload=\"field_1_11\" ><span style=\"color:#cc0000;\">Vous pouvez acquitter votre facture en ligne via PayPal. Si vous n\u2019avez pas de compte <strong>PayPal<\/strong>, vous pourrez, une fois dans l\u2019interface de la plateforme, payer avec une carte en choisissant l\u2019option<br><strong>\u00ab Payer avec une carte de d\u00e9bit ou de cr\u00e9dit \u00bb<\/strong>.<\/span>\n<br><br>\n<span style=\"color:#56acf5;\">Veuillez remplir tous les champs ci-dessous. Si vous avez plus d'une facture, veuillez refaire l'op\u00e9ration pour chacune d'elles.\n<\/span><\/li><li id=\"field_1_5\" class=\"gfield gfield--type-text gfield--input-type-text gfield_contains_required field_sublabel_below gfield--no-description field_description_below field_validation_below gfield_visibility_visible\"  data-js-reload=\"field_1_5\" ><label class='gfield_label gform-field-label' for='input_1_5'>Num\u00e9ro d\u2019enregistrement\/Num\u00e9ro de r\u00e9f\u00e9rence<span class=\"gfield_required\"><span class=\"gfield_required gfield_required_asterisk\">*<\/span><\/span><\/label><div class='ginput_container ginput_container_text'><input name='input_5' id='input_1_5' type='text' value='' class='medium'     aria-required=\"true\" aria-invalid=\"false\"   \/> <\/div><\/li><li id=\"field_1_6\" class=\"gfield gfield--type-text gfield--input-type-text gfield_contains_required field_sublabel_below gfield--no-description field_description_below field_validation_below gfield_visibility_visible\"  data-js-reload=\"field_1_6\" ><label class='gfield_label gform-field-label' for='input_1_6'>Nom de l\u2019\u00e9tablissement<span class=\"gfield_required\"><span class=\"gfield_required gfield_required_asterisk\">*<\/span><\/span><\/label><div class='ginput_container ginput_container_text'><input name='input_6' id='input_1_6' type='text' value='' class='medium'     aria-required=\"true\" aria-invalid=\"false\"   \/> <\/div><\/li><li id=\"field_1_7\" class=\"gfield gfield--type-text gfield--input-type-text gfield_contains_required field_sublabel_below gfield--has-description field_description_above field_validation_below gfield_visibility_visible\"  data-js-reload=\"field_1_7\" ><label class='gfield_label gform-field-label' for='input_1_7'>Num\u00e9ro de facture<span class=\"gfield_required\"><span class=\"gfield_required gfield_required_asterisk\">*<\/span><\/span><\/label><div class='gfield_description' id='gfield_description_1_7'>Ce num\u00e9ro est au format F000XXXXXX. Vous le trouverez dans le coin sup\u00e9rieur droit de la facture re\u00e7ue. <\/div><div class='ginput_container ginput_container_text'><input name='input_7' id='input_1_7' type='text' value='' class='medium'  aria-describedby=\"gfield_description_1_7\"   aria-required=\"true\" aria-invalid=\"false\"   \/> <\/div><\/li><li id=\"field_1_9\" class=\"gfield gfield--type-html gfield--input-type-html gfield_html gfield_html_formatted field_sublabel_below gfield--no-description field_description_below field_validation_below gfield_visibility_visible\"  data-js-reload=\"field_1_9\" ><span style=\"color:#56acf5;font-weight:bold;\">PAIEMENT \u2013 inscrire le montant \u00e0 payer de votre facture<\/span><\/li><li id=\"field_1_10\" class=\"gfield gfield--type-product gfield--input-type-price gfield_price gfield_price_1_10 gfield_product_1_10 gfield_contains_required field_sublabel_below gfield--no-description field_description_below field_validation_below gfield_visibility_visible\"  data-js-reload=\"field_1_10\" ><label class='gfield_label gform-field-label' for='input_1_10'>Montant des droits d\u2019enregistrement<span class=\"gfield_required\"><span class=\"gfield_required gfield_required_asterisk\">*<\/span><\/span><\/label><div class='ginput_container ginput_container_product_price'>\n    <input \n        name='input_10' \n        id='input_1_10' \n        type='text' \n        value='' \n        class='medium ginput_amount' \n          aria-required=\"true\" aria-invalid=\"false\"  \n        oninput='checkAmount(this)' \n        onkeydown='preventComma(event)'\n    \/>\n<\/div>\n\n<script>\nfunction checkAmount(input) {\n    \/\/ Supprimer toutes les virgules et espaces\n    let valueStr = input.value.replace(\/\\s+\/g, '').replace(\/,\/g, '');\n    \/\/ Mettre ? jour la valeur sans virgules\n    input.value = valueStr;\n\n    \/\/ Convertir en nombre flottant\n    let value = parseFloat(valueStr);\n    if (!isNaN(value)) {\n        if (value > 999) {\n            \/\/ Si la valeur d?passe 999, on remet le champ ? 0\n            input.value = '0';\n        }\n    }\n}\n\nfunction preventComma(event) {\n    \/\/ Emp?che la saisie de la virgule (touche ',' ou 'NumPad ,')\n    if (event.key === ',' || event.keyCode === 188) {\n        event.preventDefault();\n    }\n}\n<\/script>\n<\/li><li id=\"field_1_13\" class=\"gfield gfield--type-html gfield--input-type-html gfield_html gfield_html_formatted gfield_no_follows_desc field_sublabel_below gfield--no-description field_description_below field_validation_below gfield_visibility_visible\"  data-js-reload=\"field_1_13\" ><span style=\"color:#cc0000;\">*Veuillez inscrire le montant en utilisant un point. <strong><u>N\u2019utilisez pas de virgule<\/u><\/strong><i>. Exemple: 156.00<\/i><\/span><\/li><li id=\"field_1_8\" class=\"gfield gfield--type-email gfield--input-type-email gfield_contains_required field_sublabel_below gfield--no-description field_description_below field_validation_below gfield_visibility_visible\"  data-js-reload=\"field_1_8\" ><label class='gfield_label gform-field-label' for='input_1_8'>Courriel (correspondance pour votre paiement)<span class=\"gfield_required\"><span class=\"gfield_required gfield_required_asterisk\">*<\/span><\/span><\/label><div class='ginput_container ginput_container_email'>\n                            <input name='input_8' id='input_1_8' type='email' value='' class='medium'    aria-required=\"true\" aria-invalid=\"false\"  \/>\n                        <\/div><\/li><li id=\"field_1_15\" class=\"gfield gfield--type-html gfield--input-type-html gfield--width-full gfield_html gfield_html_formatted gfield_no_follows_desc field_sublabel_below gfield--no-description field_description_below field_validation_below gfield_visibility_visible\"  data-js-reload=\"field_1_15\" ><span style=\"color:#cc0000;\">Pour payer avec une carte de cr\u00e9dit, cliquez sur le bouton \u00ab PayPal \u00bb puis, une fois dans l\u2019interface de la plateforme, choisissez l\u2019option <strong>\u00ab Payer avec une carte de d\u00e9bit ou de cr\u00e9dit \u00bb.<\/strong><\/span><\/li><li id=\"field_1_14\" class=\"gfield gfield--type-paypal gfield--input-type-paypal field_sublabel_below gfield--no-description field_description_below field_validation_below gfield_visibility_visible gform_ppcp_custom_card_fields\"  data-field-class=\"gform_ppcp_custom_card_fields\" data-js-reload=\"field_1_14\" ><label class='gfield_label gfield_label_before_complex gform-field-label' for='input_1_14_1' >M\u00e9thode de paiement<\/label><div class='ginput_container ginput_container_select gform_ppcp_payment_method' style=\"display:none;\"><select name='input_14.6' id='input_1_14' class='medium gfield_select' ><option value='PayPal Checkout' selected='selected'>PayPal Checkout<\/option><\/select><\/div><div class='ginput_complex ginput_container ginput_container_custom_card_fields gform-grid-row' id='input_1_14' style=\"display:none;\"><span class='ginput_full gform-grid-col' id='input_1_14_1_container' >\n                                    <div class='gform_card_icon_container gform_card_icon_style1'><div class='gform_card_icon gform_card_icon_mastercard' >MasterCard<\/div><div class='gform_card_icon gform_card_icon_visa' >Visa<\/div><span class='screen-reader-text' id='field_1_14_supported_creditcards'>Supported Credit Cards: MasterCard, Visa<\/span><\/div>\n                                    <span id='input_1_14_1' class='ginput_card_field ginput_card_number gform-theme-field-control'><\/span>\n                                    <label for='input_1_14_1' id='input_1_14_1_label'  class='gform-field-label gform-field-label--type-sub'>Card Number<\/label>\n                                 <\/span><span class='ginput_full ginput_cardextras gform-grid-col gform-grid-row' id='input_1_14_2_container'>\n                                            <span class='ginput_cardinfo_left gform-grid-col' id='input_1_14_2_cardinfo_left'>\n                                                <span id='input_1_14_2' class='ginput_card_field ginput_card_expiration gform-theme-field-control'><\/span>\n                                                <label for='input_1_14_2'  class='gform-field-label gform-field-label--type-sub'>Expiration Date<\/label>\n                                            <\/span><span class='ginput_cardinfo_right gform-grid-col' id='input_1_14_2_cardinfo_right'>\n                                                <span id='input_1_14_3' class='ginput_card_field ginput_card_security_code gform-theme-field-control'><\/span>\n                                                <span class='ginput_card_security_code_icon'>&nbsp;<\/span>\n                                                <label for='input_1_14_3'  class='gform-field-label gform-field-label--type-sub'>Security Code<\/label>\n                                             <\/span>\n                                        <\/span><span class='ginput_full gform-grid-col' id='input_1_14_5_container'>\n                                            <input type='text' name='input_14.5' id='input_1_14_5' value=''  \/>\n                                            <label for='input_1_14_5' id='input_1_14_5_label'  class='gform-field-label gform-field-label--type-sub'>Cardholder Name<\/label>\n                                        <\/span> <\/div><\/li><\/ul><\/div>\n        <div class='gform_footer top_label'> <input type='submit' id='gform_submit_button_1' class='gform_button button' value='Payer'  onclick='if(window[\"gf_submitting_1\"]){return false;}  if( !jQuery(\"#gform_1\")[0].checkValidity || jQuery(\"#gform_1\")[0].checkValidity()){window[\"gf_submitting_1\"]=true;}  ' onkeypress='if( event.keyCode == 13 ){ if(window[\"gf_submitting_1\"]){return false;} if( !jQuery(\"#gform_1\")[0].checkValidity || jQuery(\"#gform_1\")[0].checkValidity()){window[\"gf_submitting_1\"]=true;}  jQuery(\"#gform_1\").trigger(\"submit\",[true]); }' \/><div id=\"gform_ppcp_smart_payment_buttons_1\" class=\"large gform_ppcp_smart_payment_buttons\"><\/div> \n            <input type='hidden' class='gform_hidden' name='is_submit_1' value='1' \/>\n            <input type='hidden' class='gform_hidden' name='gform_submit' value='1' \/>\n            \n            <input type='hidden' class='gform_hidden' name='gform_unique_id' value='' \/>\n            <input type='hidden' class='gform_hidden' name='state_1' value='WyJbXSIsIjNlYTU2ZDFiMTg2MTMyZDYxZGJlYzk0ZGY1ZTFlY2M5Il0=' \/>\n            <input type='hidden' class='gform_hidden' name='gform_target_page_number_1' id='gform_target_page_number_1' value='0' \/>\n            <input type='hidden' class='gform_hidden' name='gform_source_page_number_1' id='gform_source_page_number_1' value='1' \/>\n            <input type='hidden' name='gform_field_values' value='' \/>\n            \n        <\/div>\n                        <\/form>\n                        <\/div><script type=\"text\/javascript\">\n\/* <![CDATA[ *\/\n gform.initializeOnLoaded( function() {gformInitSpinner( 1, 'https:\/\/citq.qc.ca\/droits_enregistrement\/wp-content\/plugins\/gravityforms\/images\/spinner.svg', true );jQuery('#gform_ajax_frame_1').on('load',function(){var contents = jQuery(this).contents().find('*').html();var is_postback = contents.indexOf('GF_AJAX_POSTBACK') >= 0;if(!is_postback){return;}var form_content = jQuery(this).contents().find('#gform_wrapper_1');var is_confirmation = jQuery(this).contents().find('#gform_confirmation_wrapper_1').length > 0;var is_redirect = contents.indexOf('gformRedirect(){') >= 0;var is_form = form_content.length > 0 && ! is_redirect && ! is_confirmation;var mt = parseInt(jQuery('html').css('margin-top'), 10) + parseInt(jQuery('body').css('margin-top'), 10) + 100;if(is_form){jQuery('#gform_wrapper_1').html(form_content.html());if(form_content.hasClass('gform_validation_error')){jQuery('#gform_wrapper_1').addClass('gform_validation_error');} else {jQuery('#gform_wrapper_1').removeClass('gform_validation_error');}setTimeout( function() { \/* delay the scroll by 50 milliseconds to fix a bug in chrome *\/  }, 50 );if(window['gformInitDatepicker']) {gformInitDatepicker();}if(window['gformInitPriceFields']) {gformInitPriceFields();}var current_page = jQuery('#gform_source_page_number_1').val();gformInitSpinner( 1, 'https:\/\/citq.qc.ca\/droits_enregistrement\/wp-content\/plugins\/gravityforms\/images\/spinner.svg', true );jQuery(document).trigger('gform_page_loaded', [1, current_page]);window['gf_submitting_1'] = false;}else if(!is_redirect){var confirmation_content = jQuery(this).contents().find('.GF_AJAX_POSTBACK').html();if(!confirmation_content){confirmation_content = contents;}jQuery('#gform_wrapper_1').replaceWith(confirmation_content);jQuery(document).trigger('gform_confirmation_loaded', [1]);window['gf_submitting_1'] = false;wp.a11y.speak(jQuery('#gform_confirmation_message_1').text());}else{jQuery('#gform_1').append(contents);if(window['gformRedirect']) {gformRedirect();}}jQuery(document).trigger(\"gform_pre_post_render\", [{ formId: \"1\", currentPage: \"current_page\", abort: function() { this.preventDefault(); } }]);                if (event && event.defaultPrevented) {                return;         }        const gformWrapperDiv = document.getElementById( \"gform_wrapper_1\" );        if ( gformWrapperDiv ) {            const visibilitySpan = document.createElement( \"span\" );            visibilitySpan.id = \"gform_visibility_test_1\";            gformWrapperDiv.insertAdjacentElement( \"afterend\", visibilitySpan );        }        const visibilityTestDiv = document.getElementById( \"gform_visibility_test_1\" );        let postRenderFired = false;                function triggerPostRender() {            if ( postRenderFired ) {                return;            }            postRenderFired = true;            jQuery( document ).trigger( 'gform_post_render', [1, current_page] );            gform.utils.trigger( { event: 'gform\/postRender', native: false, data: { formId: 1, currentPage: current_page } } );            if ( visibilityTestDiv ) {                visibilityTestDiv.parentNode.removeChild( visibilityTestDiv );            }        }        function debounce( func, wait, immediate ) {            var timeout;            return function() {                var context = this, args = arguments;                var later = function() {                    timeout = null;                    if ( !immediate ) func.apply( context, args );                };                var callNow = immediate && !timeout;                clearTimeout( timeout );                timeout = setTimeout( later, wait );                if ( callNow ) func.apply( context, args );            };        }        const debouncedTriggerPostRender = debounce( function() {            triggerPostRender();        }, 200 );        if ( visibilityTestDiv && visibilityTestDiv.offsetParent === null ) {            const observer = new MutationObserver( ( mutations ) => {                mutations.forEach( ( mutation ) => {                    if ( mutation.type === 'attributes' && visibilityTestDiv.offsetParent !== null ) {                        debouncedTriggerPostRender();                        observer.disconnect();                    }                });            });            observer.observe( document.body, {                attributes: true,                childList: false,                subtree: true,                attributeFilter: [ 'style', 'class' ],            });        } else {            triggerPostRender();        }    } );} ); \n\/* ]]> *\/\n<\/script>\n\n\n\n<!-- Popup overlay -->\n<div class=\"popup-overlay\" id=\"popup\" style=\"display:flex;text-align:center;color:#545454;\">\n    <div class=\"popup-box\">\n        <div class=\"popup-close\" onclick=\"closePopup()\"><span style=\"font-size:11px;font-weight:bold\">Retour <\/span><span style=\"font-size:32px;\"><strong>\u2715<\/strong><\/span><\/div><br><br>\n        <p style=\"color:#667248;font-size:18px;line-height:20px;\"><strong>NOUVEAUT\u00c9 SUR LE PORTAIL CITQ!<\/strong><\/p>\n        <p style=\"line-height:22px;\">En plus d\u2019y effectuer <strong>votre d\u00e9claration annuelle obligatoire<\/strong>, vous pouvez maintenant <strong>payer vos droits d\u2019enregistrement<\/strong>, directement \u00e0 partir de votre compte sur le Portail CITQ.<\/p>\n        <p style=\"line-height:22px;\"><strong>Optez pour cette option afin de simplifier votre renouvellement en un endroit.<\/strong><\/p>\n<em>Cliquez ici pour acc\u00e9der au Portail :<\/em>\n        <button class=\"popup-button\" onclick=\"window.location.href='https:\/\/portail.citq.qc.ca\/fr-FR\/SignIn?ReturnUrl=\/';\">&#10132; SE CONNECTER<\/button>\n<p style=\"font-size:11px;\">*Cliquez sur le X (Retour) si vous pr\u00e9f\u00e9rez revenir au formulaire de paiement par carte de cr\u00e9dit\/PayPal pour y effectuer votre paiement.<\/p>\n    <\/div>\n<\/div>\n\n<!-- CSS -->\n<style>\n.popup-overlay{\n    position: fixed;\n    top:0;\n    left:0;\n    width:100%;\n    height:100%;\n    background: rgba(0,0,0,0.6);\n    justify-content:center;\n    align-items:center;\n    z-index:9999;\n}\n.popup-box{\n    background:white;\n    padding:30px;\n    max-width:400px;\n    width:90%;\n    border-radius:8px;\n    position:relative;\n    text-align:center;\n}\n.popup-close{\n    position:absolute;\n    top:10px;\n    right:15px;\n    font-size:32px;\n    cursor:pointer;\n}\n.popup-button{\n    margin-top:10px;\n    margin-bottom:10px;\n    padding:12px 25px;\n    background:#499fe8;\n    color:white;\n    border:none;\n    border-radius:5px;\n    cursor:pointer;\n}\n.popup-button:hover{\n    background:#5e6b3d;\n}\n<\/style>\n\n<!-- JS -->\n<script>\nfunction closePopup(){\n    document.getElementById(\"popup\").style.display = \"none\";\n}\n<\/script>\n","protected":false},"excerpt":{"rendered":"<p>Retour \u2715 NOUVEAUT\u00c9 SUR LE PORTAIL CITQ! En plus d\u2019y effectuer votre d\u00e9claration annuelle obligatoire, vous pouvez maintenant payer vos droits d\u2019enregistrement, directement \u00e0 partir de votre compte sur le Portail CITQ. Optez pour cette option afin de simplifier votre renouvellement en un endroit. Cliquez ici pour acc\u00e9der au Portail : &#10132; SE CONNECTER *Cliquez&hellip;<\/p>\n","protected":false},"author":1,"featured_media":0,"parent":0,"menu_order":0,"comment_status":"closed","ping_status":"closed","template":"","meta":{"footnotes":""},"_links":{"self":[{"href":"https:\/\/citq.qc.ca\/droits_enregistrement\/wp-json\/wp\/v2\/pages\/6"}],"collection":[{"href":"https:\/\/citq.qc.ca\/droits_enregistrement\/wp-json\/wp\/v2\/pages"}],"about":[{"href":"https:\/\/citq.qc.ca\/droits_enregistrement\/wp-json\/wp\/v2\/types\/page"}],"author":[{"embeddable":true,"href":"https:\/\/citq.qc.ca\/droits_enregistrement\/wp-json\/wp\/v2\/users\/1"}],"replies":[{"embeddable":true,"href":"https:\/\/citq.qc.ca\/droits_enregistrement\/wp-json\/wp\/v2\/comments?post=6"}],"version-history":[{"count":3,"href":"https:\/\/citq.qc.ca\/droits_enregistrement\/wp-json\/wp\/v2\/pages\/6\/revisions"}],"predecessor-version":[{"id":81,"href":"https:\/\/citq.qc.ca\/droits_enregistrement\/wp-json\/wp\/v2\/pages\/6\/revisions\/81"}],"wp:attachment":[{"href":"https:\/\/citq.qc.ca\/droits_enregistrement\/wp-json\/wp\/v2\/media?parent=6"}],"curies":[{"name":"wp","href":"https:\/\/api.w.org\/{rel}","templated":true}]}}